{"id":2,"date":"2015-03-11T16:24:17","date_gmt":"2015-03-11T16:24:17","guid":{"rendered":"http:\/\/www.fusionlabs.fr\/wp\/?page_id=2"},"modified":"2026-01-28T15:28:51","modified_gmt":"2026-01-28T14:28:51","slug":"a-propos","status":"publish","type":"page","link":"https:\/\/www.fusionlabs.fr\/fr_fr\/a-propos\/","title":{"rendered":"A propos"},"content":{"rendered":"<p>Fusion Labs est une entreprise technologique sp\u00e9cialis\u00e9e dans les architectures SI, les plateformes cloud et les projets innovants : IA g\u00e9n\u00e9ratives, data sciences et solutions IoT. Nous r\u00e9alisons des \u00e9tudes d&rsquo;architecture, nous concevons des logiciels et nous d\u00e9veloppons des solutions. Notre m\u00e9tier consiste \u00e0 vous accompagner dans vos choix structurants en mati\u00e8re num\u00e9rique et de s\u00e9curiser vos investissements \u00e0 long terme.<\/p>\n<p>Ing\u00e9nieurs passionn\u00e9s, nous sommes port\u00e9s par le gout du travail bien fait et un \u00e9tat d&rsquo;esprit rigoureux, s\u00e9rieux et ouvert, tout en valorisant la simplicit\u00e9. Nous avons la volont\u00e9 de trouver les solutions les plus adapt\u00e9es \u00e0 chaque contexte, en partageant et en transmettant notre exp\u00e9rience, nos analyses et notre savoir-faire.<br \/>Notre conviction : Les technologies et les innovations se succ\u00e8dent et se multiplient \u00e0 un rythme acc\u00e9l\u00e9r\u00e9, mais certains principes \u00e0 suivre demeurent constants : Ind\u00e9pendance, modularit\u00e9, standardisation des \u00e9changes, ouverture et portabilit\u00e9 technique, robustesse, s\u00e9curit\u00e9, p\u00e9rennit\u00e9 et r\u00e9versibilit\u00e9 des solutions. Nous \u0153uvrons pour aider \u00e0 identifier les v\u00e9ritables innovations, sources de valeur et de croissance pour les entreprises, en les discernant du marketing technologique et du buzz ambiant.<\/p>\n<p>Notre identit\u00e9 et notre \u00e9tat d&rsquo;esprit sont bas\u00e9s sur les engagements suivants :<\/p>\n<ul>\n<li><strong>Le professionnalisme<\/strong> : le gout de l&rsquo;ing\u00e9nierie, la culture technique, la pratique et l&rsquo;exp\u00e9rience la plus large possible permettent de discerner l&rsquo;essentiel de l&rsquo;accessoire et acc\u00e9l\u00e8rent l&rsquo;\u00e9tablissement d&rsquo;orientations fond\u00e9es sur la simplicit\u00e9 et l&rsquo;efficacit\u00e9.<\/li>\n<li><strong>La communication et la formalisation<\/strong> : point cl\u00e9 de nos interventions, nous mettons un soin particulier dans les \u00e9changes, tant pour comprendre votre contexte et vos besoins que pour pr\u00e9senter des dossiers de choix et des solutions. Une grande attention est port\u00e9e sur les \u00e9crits que nous produisons, ainsi que sur les repr\u00e9sentations et les illustrations.<\/li>\n<li><strong>La continuit\u00e9<\/strong> : nous sommes des architectes, mais \u00e9galement des chefs de projet et des d\u00e9veloppeurs qui pratiquent constamment et qui exp\u00e9rimentent des solutions. Nous vous accompagnons dans la mise en \u0153uvre technique, au c\u0153ur des \u00e9quipes impliqu\u00e9es.<\/li>\n<li><strong>L&rsquo;implication et le s\u00e9rieux<\/strong> : notre but est avant tout votre r\u00e9ussite et nous mobilisons toutes les comp\u00e9tences, les \u00e9nergies, les expertises et les moyens techniques pour y parvenir.<\/li>\n<li><strong>L&rsquo;ind\u00e9pendance et l&rsquo;ouverture<\/strong> : nous sommes ind\u00e9pendants des \u00e9diteurs, des plateformes et des grandes soci\u00e9t\u00e9s de services et nous nous mettons \u00ab\u00a0\u00e0 votre place\u00a0\u00bb pour r\u00e9fl\u00e9chir aux solutions optimales pour votre entreprise.<\/li>\n<li><strong>La confiance<\/strong> : nos modes d&rsquo;interventions sont transparents, ouverts et s\u00e9curisants. Nous d\u00e9terminons avec vous le format contractuel, les engagements et les modalit\u00e9s adapt\u00e9s \u00e0 votre contexte.<\/li>\n<\/ul>\n<p>Fond\u00e9e en 2015 par <b data-path-to-node=\"18,0\" data-index-in-node=\"46\">St\u00e9phane Monteil<\/b>, ing\u00e9nieur dipl\u00f4m\u00e9 de l\u2019Universit\u00e9 de Technologie de Compi\u00e8gne (UTC) en France et de l\u2019University of Waterloo au Canada, Fusion Labs incarne cette double culture de la rigueur acad\u00e9mique et de l&rsquo;agilit\u00e9 anglo-saxonne.<\/p>\n\n\n<p><\/p>\n","protected":false},"excerpt":{"rendered":"<p>Fusion Labs est une entreprise technologique sp\u00e9cialis\u00e9e dans les architectures SI, les plateformes cloud et les projets innovants : IA g\u00e9n\u00e9ratives, data sciences et solutions IoT. Nous r\u00e9alisons des \u00e9tudes d&rsquo;architecture, nous concevons des logiciels et nous d\u00e9veloppons des solutions. Notre m\u00e9tier consiste \u00e0 vous accompagner dans vos choix structurants en mati\u00e8re num\u00e9rique et de [&hellip;]<\/p>\n","protected":false},"author":1,"featured_media":2556,"parent":0,"menu_order":0,"comment_status":"closed","ping_status":"open","template":"","meta":{"footnotes":""},"class_list":["post-2","page","type-page","status-publish","has-post-thumbnail","hentry"],"_links":{"self":[{"href":"https:\/\/www.fusionlabs.fr\/fr_fr\/wp-json\/wp\/v2\/pages\/2","targetHints":{"allow":["GET"]}}],"collection":[{"href":"https:\/\/www.fusionlabs.fr\/fr_fr\/wp-json\/wp\/v2\/pages"}],"about":[{"href":"https:\/\/www.fusionlabs.fr\/fr_fr\/wp-json\/wp\/v2\/types\/page"}],"author":[{"embeddable":true,"href":"https:\/\/www.fusionlabs.fr\/fr_fr\/wp-json\/wp\/v2\/users\/1"}],"replies":[{"embeddable":true,"href":"https:\/\/www.fusionlabs.fr\/fr_fr\/wp-json\/wp\/v2\/comments?post=2"}],"version-history":[{"count":29,"href":"https:\/\/www.fusionlabs.fr\/fr_fr\/wp-json\/wp\/v2\/pages\/2\/revisions"}],"predecessor-version":[{"id":2543,"href":"https:\/\/www.fusionlabs.fr\/fr_fr\/wp-json\/wp\/v2\/pages\/2\/revisions\/2543"}],"wp:featuredmedia":[{"embeddable":true,"href":"https:\/\/www.fusionlabs.fr\/fr_fr\/wp-json\/wp\/v2\/media\/2556"}],"wp:attachment":[{"href":"https:\/\/www.fusionlabs.fr\/fr_fr\/wp-json\/wp\/v2\/media?parent=2"}],"curies":[{"name":"wp","href":"https:\/\/api.w.org\/{rel}","templated":true}]}}