{"id":146,"date":"2016-02-27T15:31:34","date_gmt":"2016-02-27T14:31:34","guid":{"rendered":"http:\/\/www.fusionlabs.fr\/?page_id=146"},"modified":"2026-02-26T13:28:56","modified_gmt":"2026-02-26T12:28:56","slug":"expertises","status":"publish","type":"page","link":"https:\/\/www.fusionlabs.fr\/fr_fr\/expertises\/","title":{"rendered":"Expertises"},"content":{"rendered":"<p data-path-to-node=\"3\"><b data-path-to-node=\"3\" data-index-in-node=\"0\">Architectes SI et solutions<\/b>, nous vous accompagnons avec une approche de <b data-path-to-node=\"3\" data-index-in-node=\"69\">\u00ab\u00a0bout-en-bout\u00a0\u00bb<\/b> : Analyse des besoins, conception, int\u00e9gration et exploitation de vos syst\u00e8mes . Notre mission est de transformer vos enjeux strat\u00e9giques en infrastructures technologiques performantes.<\/p>\n<h3 data-path-to-node=\"4\">Nos domaines d&rsquo;intervention<\/h3>\n<ul data-path-to-node=\"5\">\n<li>\n<p data-path-to-node=\"5,0,0\"><b data-path-to-node=\"5,0,0\" data-index-in-node=\"0\">Conseil &amp; Ing\u00e9nierie des besoins :<\/b> Analyse approfondie de vos enjeux m\u00e9tier, r\u00e9daction de cahiers des charges et d\u00e9finition de sp\u00e9cifications fonctionnelles pr\u00e9cises.<\/p>\n<\/li>\n<li>\n<p data-path-to-node=\"5,1,0\"><b data-path-to-node=\"5,1,0\" data-index-in-node=\"0\">Architecture de Syst\u00e8me d&rsquo;Information :<\/b> Analyse, cartographie et urbanisation du SI. \u00c9tudes d\u2019int\u00e9gration, middlewares, API Management, gestion des r\u00e9f\u00e9rentiels de donn\u00e9es,\u00a0 et protocoles d&rsquo;\u00e9changes internes\/externes s\u00e9curis\u00e9s<\/p>\n<\/li>\n<li>\n<p data-path-to-node=\"5,2,0\"><b data-path-to-node=\"5,2,0\" data-index-in-node=\"0\">Architecture de solution :<\/b> \u00c9tude comparative de sc\u00e9narios technologiques, \u00e9valuation de la faisabilit\u00e9 et aide au choix des solutions les plus pertinentes.<\/p>\n<\/li>\n<li>\n<p data-path-to-node=\"5,3,0\"><b data-path-to-node=\"5,3,0\" data-index-in-node=\"0\">Cycle de vie complet :<\/b> Du d\u00e9veloppement agile (du POC au produit fini) jusqu\u2019au maintien en condition op\u00e9rationnelle (MCO), l&rsquo;exploitation et l&rsquo;infog\u00e9rance.<\/p>\n<\/li>\n<\/ul>\n<h3 data-path-to-node=\"3\">Cartographie et R\u00e9f\u00e9rentiel d\u2019Architecture<\/h3>\n<p data-path-to-node=\"4\">Notre approche de cartographie ne se limite pas \u00e0 un simple inventaire ; elle vise \u00e0 construire un <b data-path-to-node=\"4\" data-index-in-node=\"99\">actif strat\u00e9gique<\/b> pour le pilotage de votre entreprise. En alignant les standards m\u00e9thodologiques <b data-path-to-node=\"4\" data-index-in-node=\"181\">TOGAF <\/b>et\u00a0<strong>Lean EA <\/strong>avec les langages de mod\u00e9lisation\u00a0<b data-path-to-node=\"4\" data-index-in-node=\"188\">ArchiMate, UML<\/b> et <b data-path-to-node=\"4\" data-index-in-node=\"201\">BPMN<\/b>, nous structurons votre r\u00e9f\u00e9rentiel selon plusieurs niveaux d\u2019analyse, incluant :<\/p>\n<ul data-path-to-node=\"5\">\n<li>\n<p data-path-to-node=\"5,0,0\"><b data-path-to-node=\"5,0,0\" data-index-in-node=\"0\">Architecture M\u00e9tier (Business) :<\/b> Mod\u00e9lisation des processus via le standard <b data-path-to-node=\"5,0,0\" data-index-in-node=\"76\">BPMN<\/b> pour aligner les op\u00e9rations sur la strat\u00e9gie et identifier les fonctions cl\u00e9s de l&rsquo;entreprise.<\/p>\n<\/li>\n<li>\n<p data-path-to-node=\"5,1,0\"><b data-path-to-node=\"5,1,0\" data-index-in-node=\"0\">Architecture des Donn\u00e9es (Data) :<\/b> Structuration du patrimoine informationnel pour en assurer la coh\u00e9rence, la s\u00e9curit\u00e9 et la disponibilit\u00e9 \u00e0 travers toute l&rsquo;organisation.<\/p>\n<\/li>\n<li>\n<p data-path-to-node=\"5,2,0\"><b data-path-to-node=\"5,2,0\" data-index-in-node=\"0\">Architecture Applicative (Application) :<\/b> Cartographie du paysage logiciel et des flux d&rsquo;\u00e9changes, permettant d&rsquo;identifier les redondances et de rationaliser le portefeuille applicatif.<\/p>\n<\/li>\n<li>\n<p data-path-to-node=\"5,3,0\"><b data-path-to-node=\"5,3,0\" data-index-in-node=\"0\">Architecture Technique (Technology) :<\/b> Inventaire des infrastructures (Cloud, On-premise, r\u00e9seaux) supportant les couches sup\u00e9rieures, garantissant la r\u00e9silience et la scalabilit\u00e9 du syst\u00e8me.<\/p>\n<\/li>\n<\/ul>\n<h3 data-path-to-node=\"6\">Une mod\u00e9lisation au service de la d\u00e9cision<\/h3>\n<p data-path-to-node=\"7\">Gr\u00e2ce au langage de mod\u00e9lisation <b data-path-to-node=\"7\" data-index-in-node=\"33\">ArchiMate<\/b>, nous cr\u00e9ons des vues crois\u00e9es qui permettent de comprendre instantan\u00e9ment l&rsquo;impact d&rsquo;un changement technique sur un processus m\u00e9tier. Ce r\u00e9f\u00e9rentiel devient le socle indispensable pour vos analyses d&rsquo;impact, la gestion de votre dette technique et la r\u00e9ussite de vos trajectoires de transformation num\u00e9rique.<\/p>\n<h3 data-path-to-node=\"6\">Une expertise Cloud Multi-fournisseurs<\/h3>\n<p data-path-to-node=\"7\">Nous avons d\u00e9velopp\u00e9 des partenariats strat\u00e9giques et une expertise pointue sur les plateformes leaders du march\u00e9 pour garantir la r\u00e9silience de vos projets : <b data-path-to-node=\"7\" data-index-in-node=\"159\">Microsoft Azure | AWS (Amazon Web Services) | GCP (Google Cloud Platform)<\/b><\/p>\n","protected":false},"excerpt":{"rendered":"<p>Architectes SI et solutions, nous vous accompagnons avec une approche de \u00ab\u00a0bout-en-bout\u00a0\u00bb : Analyse des besoins, conception, int\u00e9gration et exploitation de vos syst\u00e8mes . Notre mission est de transformer vos enjeux strat\u00e9giques en infrastructures technologiques performantes. Nos domaines d&rsquo;intervention Conseil &amp; Ing\u00e9nierie des besoins : Analyse approfondie de vos enjeux m\u00e9tier, r\u00e9daction de cahiers des [&hellip;]<\/p>\n","protected":false},"author":1,"featured_media":2546,"parent":0,"menu_order":0,"comment_status":"closed","ping_status":"closed","template":"","meta":{"footnotes":""},"class_list":["post-146","page","type-page","status-publish","has-post-thumbnail","hentry"],"_links":{"self":[{"href":"https:\/\/www.fusionlabs.fr\/fr_fr\/wp-json\/wp\/v2\/pages\/146","targetHints":{"allow":["GET"]}}],"collection":[{"href":"https:\/\/www.fusionlabs.fr\/fr_fr\/wp-json\/wp\/v2\/pages"}],"about":[{"href":"https:\/\/www.fusionlabs.fr\/fr_fr\/wp-json\/wp\/v2\/types\/page"}],"author":[{"embeddable":true,"href":"https:\/\/www.fusionlabs.fr\/fr_fr\/wp-json\/wp\/v2\/users\/1"}],"replies":[{"embeddable":true,"href":"https:\/\/www.fusionlabs.fr\/fr_fr\/wp-json\/wp\/v2\/comments?post=146"}],"version-history":[{"count":12,"href":"https:\/\/www.fusionlabs.fr\/fr_fr\/wp-json\/wp\/v2\/pages\/146\/revisions"}],"predecessor-version":[{"id":2676,"href":"https:\/\/www.fusionlabs.fr\/fr_fr\/wp-json\/wp\/v2\/pages\/146\/revisions\/2676"}],"wp:featuredmedia":[{"embeddable":true,"href":"https:\/\/www.fusionlabs.fr\/fr_fr\/wp-json\/wp\/v2\/media\/2546"}],"wp:attachment":[{"href":"https:\/\/www.fusionlabs.fr\/fr_fr\/wp-json\/wp\/v2\/media?parent=146"}],"curies":[{"name":"wp","href":"https:\/\/api.w.org\/{rel}","templated":true}]}}