{"id":144,"date":"2016-02-27T15:19:43","date_gmt":"2016-02-27T14:19:43","guid":{"rendered":"http:\/\/www.fusionlabs.fr\/?page_id=144"},"modified":"2026-02-06T16:11:27","modified_gmt":"2026-02-06T15:11:27","slug":"industrie-connectee","status":"publish","type":"page","link":"https:\/\/www.fusionlabs.fr\/fr_fr\/industrie-connectee\/","title":{"rendered":"Ing\u00e9nierie et Solutions pour l&rsquo;Industrie Connect\u00e9e (IIoT)"},"content":{"rendered":"<h2 class=\"wp-block-post-title\">Ing\u00e9nierie et Solutions pour l&rsquo;Industrie Connect\u00e9e (IIoT)<\/h2>\n\n\n<section>\n<p data-path-to-node=\"8,2\">Parce que l\u2019industrie exige de la fiabilit\u00e9, nous privil\u00e9gions des produits simples et robustes. Notre approche modulaire vous permet de d\u00e9ployer une solution efficace aujourd&rsquo;hui, tout en conservant la libert\u00e9 d&rsquo;ajouter de nouveaux capteurs ou interfaces m\u00e9tier demain. En tant qu&rsquo;architectes solution et SI, nous apportons en outre notre savoir-faire pour int\u00e9grer vos services IoT \u00e0 votre SI d&rsquo;entreprise de fa\u00e7on s\u00e9curis\u00e9e.<\/p>\n<\/section>\n\n\n\n<h2 class=\"wp-block-heading entry-content\">Plateforme Cloud &amp; IoT<\/h2>\n\n\n\n<section>\n<p data-path-to-node=\"3\"><b data-path-to-node=\"3\" data-index-in-node=\"0\">Fusion Labs<\/b> a d\u00e9velopp\u00e9 une plateforme de services cloud \u00e0 la pointe de la technologie, offrant agilit\u00e9, haute performance, fiabilit\u00e9 et \u00e9volutivit\u00e9 au meilleur prix.<\/p>\n<p data-path-to-node=\"4\">Selon vos objectifs commerciaux, nous sommes en mesure de fournir un ensemble complet et int\u00e9gr\u00e9 de services pour le d\u00e9veloppement et le d\u00e9ploiement de votre <b data-path-to-node=\"4\" data-index-in-node=\"158\">projet IoT<\/b>, aussi bien dans le cloud que sur le terrain. Afin d&rsquo;optimiser les d\u00e9lais de mise sur le march\u00e9 (<b data-path-to-node=\"4\" data-index-in-node=\"266\">time-to-market<\/b>) et de r\u00e9duire les investissements initiaux, nous proposons une plateforme de services pr\u00eate \u00e0 l&#8217;emploi, bas\u00e9e sur <b data-path-to-node=\"4\" data-index-in-node=\"396\">Microsoft Azure<\/b> et ses services IoT standardis\u00e9s.<\/p>\n<p data-path-to-node=\"5\">Nous pouvons \u00e9galement accompagner le d\u00e9ploiement, l&rsquo;h\u00e9bergement et l&rsquo;infog\u00e9rance de solutions IoT plus sp\u00e9cifiques, telles que des d\u00e9veloppements sur mesure bas\u00e9s sur <b data-path-to-node=\"5\" data-index-in-node=\"168\">PTC\/ThingWorx<\/b> ou des plateformes IoT open source. Notre infrastructure d&rsquo;h\u00e9bergement s&rsquo;appuie sur le leader du march\u00e9 du cloud public en France et en Europe. Notre objectif et notre culture consistent \u00e0 comprendre vos besoins et contraintes m\u00e9tier afin de concevoir l&rsquo;offre technique et de services la plus adapt\u00e9e \u00e0 vos exigences.<\/p>\n<\/section>\n\n\n\n<section><\/section>\n\n\n\n<section>\n<h2>R\u00e9alisations<\/h2>\n<h3>Connectivit\u00e9 et Supervision de parc industriel<\/h3>\n<ul>\n<li>Secteur: industrie a\u00e9ronautique et automobile<\/li>\n<li>Usages : Maintenance \u00e0 distance, alertes, compteur horaire, facturation \u00e0 l&rsquo;usage<\/li>\n<li>Technologies : Plateforme cloud Microsoft Azure, modem Ercogener, connectivit\u00e9 4G\/LTE<\/li>\n<li>Avantages: Rapidit\u00e9 de mise en oeuvre, Fiabilit\u00e9 technique, Retour sur investissemnet<\/li>\n<\/ul>\n<figure><a href=\"http:\/\/www.fusionlabs.fr\/wp-content\/uploads\/2015\/05\/paintmachine.jpg\" rel=\"attachment wp-att-178\"><img loading=\"lazy\" decoding=\"async\" class=\"alignnone size-full wp-image-178\" src=\"http:\/\/www.fusionlabs.fr\/wp-content\/uploads\/2015\/05\/paintmachine.jpg\" alt=\"paintmachine\" width=\"190\" height=\"126\"><\/a><\/figure><p><\/p>\n<h3>Logistique connect\u00e9e<\/h3>\n<ul>\n<li>Secteur: industrie &amp; distribution<\/li>\n<li>Usages : tracking de marchandises, automatisation et optimisation des processus logistiques<\/li>\n<li>Technologies : plateforme PTC\/ThingWorx, connectivit\u00e9 Sigfox &amp; LoRA<\/li>\n<li>Avantages: Solution flexible et \u00e9volutive, couts de communication r\u00e9duits<\/li>\n<\/ul>\n<h3><figure><a href=\"http:\/\/www.fusionlabs.fr\/wp-content\/uploads\/2015\/05\/logistics.jpg\" rel=\"attachment wp-att-179\"><img loading=\"lazy\" decoding=\"async\" class=\"alignnone size-full wp-image-179\" src=\"http:\/\/www.fusionlabs.fr\/wp-content\/uploads\/2015\/05\/logistics.jpg\" alt=\"logistics\" width=\"235\" height=\"176\"><\/a><\/figure><\/h3>\n<h3>&nbsp;<\/h3>\n<h3>Solution de surveillance et de s\u00e9curit\u00e9 connect\u00e9e<\/h3>\n<ul>\n<li>Secteur: Electronique grand public (B2C)<\/li>\n<li>Usage : S\u00e9curit\u00e9 et confort domestique, alarme connect\u00e9e, videosurveillance, application mobile<\/li>\n<li>Technlogies: plateforme propri\u00e9taire, capteurs sans fil, infrastructure cloud AWS<\/li>\n<li>Avantages: Gamme de solutions innovantes reconnues sur le march\u00e9<\/li>\n<\/ul>\n<figure><a href=\"http:\/\/www.fusionlabs.fr\/wp-content\/uploads\/2015\/05\/smarthome.jpg\" rel=\"attachment wp-att-189\"><img loading=\"lazy\" decoding=\"async\" class=\"alignnone size-full wp-image-189\" src=\"http:\/\/www.fusionlabs.fr\/wp-content\/uploads\/2015\/05\/smarthome.jpg\" alt=\"smarthome\" width=\"276\" height=\"183\"><\/a><\/figure><p><\/p>\n<h3>&nbsp;<\/h3>\n<\/section>\n\n\n\n<section><\/section>\n\n\n\n<section><\/section>\n","protected":false},"excerpt":{"rendered":"<p>Parce que l\u2019industrie exige de la fiabilit\u00e9, nous privil\u00e9gions des produits simples et robustes. Notre approche modulaire vous permet de d\u00e9ployer une solution efficace aujourd&rsquo;hui, tout en conservant la libert\u00e9 d&rsquo;ajouter de nouveaux capteurs ou interfaces m\u00e9tier demain. En tant qu&rsquo;architectes solution et SI, nous apportons en outre notre savoir-faire pour int\u00e9grer vos services IoT [&hellip;]<\/p>\n","protected":false},"author":1,"featured_media":2550,"parent":0,"menu_order":0,"comment_status":"closed","ping_status":"closed","template":"","meta":{"footnotes":""},"class_list":["post-144","page","type-page","status-publish","has-post-thumbnail","hentry"],"_links":{"self":[{"href":"https:\/\/www.fusionlabs.fr\/fr_fr\/wp-json\/wp\/v2\/pages\/144","targetHints":{"allow":["GET"]}}],"collection":[{"href":"https:\/\/www.fusionlabs.fr\/fr_fr\/wp-json\/wp\/v2\/pages"}],"about":[{"href":"https:\/\/www.fusionlabs.fr\/fr_fr\/wp-json\/wp\/v2\/types\/page"}],"author":[{"embeddable":true,"href":"https:\/\/www.fusionlabs.fr\/fr_fr\/wp-json\/wp\/v2\/users\/1"}],"replies":[{"embeddable":true,"href":"https:\/\/www.fusionlabs.fr\/fr_fr\/wp-json\/wp\/v2\/comments?post=144"}],"version-history":[{"count":23,"href":"https:\/\/www.fusionlabs.fr\/fr_fr\/wp-json\/wp\/v2\/pages\/144\/revisions"}],"predecessor-version":[{"id":2588,"href":"https:\/\/www.fusionlabs.fr\/fr_fr\/wp-json\/wp\/v2\/pages\/144\/revisions\/2588"}],"wp:featuredmedia":[{"embeddable":true,"href":"https:\/\/www.fusionlabs.fr\/fr_fr\/wp-json\/wp\/v2\/media\/2550"}],"wp:attachment":[{"href":"https:\/\/www.fusionlabs.fr\/fr_fr\/wp-json\/wp\/v2\/media?parent=144"}],"curies":[{"name":"wp","href":"https:\/\/api.w.org\/{rel}","templated":true}]}}