{"id":105,"date":"2015-05-25T10:26:21","date_gmt":"2015-05-25T09:26:21","guid":{"rendered":"http:\/\/www.fusionlabs.fr\/?page_id=105"},"modified":"2026-02-26T13:18:10","modified_gmt":"2026-02-26T12:18:10","slug":"home","status":"publish","type":"page","link":"https:\/\/www.fusionlabs.fr\/fr_fr\/","title":{"rendered":"Accueil"},"content":{"rendered":"<h2 data-path-to-node=\"2\">Architecture d\u2019Entreprise et solutions : Ma\u00eetrisez la complexit\u00e9 de votre SI<\/h2>\n<p data-path-to-node=\"3\">Dans un environnement technologique en constante acc\u00e9l\u00e9ration, la clart\u00e9 et la ma\u00eetrise de votre syst\u00e8me d&rsquo;information (SI) sont les cl\u00e9s de votre agilit\u00e9. Nous vous accompagnons dans la structuration et l\u2019\u00e9volution de votre SI d&rsquo;entreprise pour transformer la complexit\u00e9 technique en levier de croissance.<\/p>\n<h3 data-path-to-node=\"4\">Vision Strat\u00e9gique et Trajectoires Cloud<\/h3>\n<p data-path-to-node=\"5\">Nous vous aidons \u00e0 d\u00e9finir vos solutions et\u00a0 services, ainsi que l&rsquo;infrastructure de d\u00e9ploiement la plus pertinente pour votre entreprise, en tenant compte des enjeux m\u00e9tier, couts, syst\u00e8mes existants et s\u00e9curit\u00e9. Notre expertise couvre l&rsquo;ensemble du spectre :<\/p>\n<ul data-path-to-node=\"6\">\n<li>\n<p data-path-to-node=\"6,0,0\"><b data-path-to-node=\"6,0,0\" data-index-in-node=\"0\">Cloud Public :<\/b> Pour la scalabilit\u00e9 et l&rsquo;innovation rapide.<\/p>\n<\/li>\n<li>\n<p data-path-to-node=\"6,1,0\"><b data-path-to-node=\"6,1,0\" data-index-in-node=\"0\">Cloud Souverain :<\/b> Pour garantir la protection des donn\u00e9es sensibles.<\/p>\n<\/li>\n<li>\n<p data-path-to-node=\"6,2,0\"><b data-path-to-node=\"6,2,0\" data-index-in-node=\"0\">On-Premise :<\/b> Pour la ma\u00eetrise totale des infrastructures critiques.<\/p>\n<\/li>\n<\/ul>\n<h3 data-path-to-node=\"10\">Cartographier pour mieux piloter<\/h3>\n<p data-path-to-node=\"11\">Nous redonnons de la clart\u00e9 \u00e0 votre SI en nous appuyant sur les cadres m\u00e9thodologiques <b data-path-to-node=\"4,0\" data-index-in-node=\"121\">TOGAF <\/b>et<b data-path-to-node=\"4,0\" data-index-in-node=\"121\"> Lean EA<\/b>. Gr\u00e2ce \u00e0 une d\u00e9marche de mod\u00e9lisation rigoureuse, en utilisant les standards <b data-path-to-node=\"11\" data-index-in-node=\"119\">ArchiMate<\/b>,<b data-path-to-node=\"11\" data-index-in-node=\"119\"> UML<\/b> et <b data-path-to-node=\"11\" data-index-in-node=\"132\">BPMN<\/b>, nous cr\u00e9ons un r\u00e9f\u00e9rentiel pr\u00e9cis de votre architecture et de vos processus m\u00e9tiers. Cette approche permet de :<\/p>\n<ul data-path-to-node=\"12\">\n<li>\n<p data-path-to-node=\"12,0,0\">Identifier les zones de redondance et d&rsquo;optimisation.<\/p>\n<\/li>\n<li>\n<p data-path-to-node=\"12,1,0\">S\u00e9curiser les trajectoires de transformation et garantir la r\u00e9versibilit\u00e9.<\/p>\n<\/li>\n<\/ul>\n<h3 data-path-to-node=\"13\">Conseil en Choix de Solutions et Int\u00e9gration<\/h3>\n<p data-path-to-node=\"14\">Nous vous assistons dans l&rsquo;aide au choix (\u00e9tudes, RFI\/RFP) et l&rsquo;int\u00e9gration de solutions, en garantissant leur <b data-path-to-node=\"14\" data-index-in-node=\"103\">robustesse<\/b> et leur <b data-path-to-node=\"14\" data-index-in-node=\"122\">interop\u00e9rabilit\u00e9<\/b>. Notre conseil s\u2019appuie sur une pratique concr\u00e8te des piliers du SI moderne : <b data-path-to-node=\"14\" data-index-in-node=\"217\">Cloud, Data <\/b>(SQL\/NoSQL, r\u00e9f\u00e9rentiels, BI)<b data-path-to-node=\"14\" data-index-in-node=\"217\">, Middleware <\/b>(APIs, Event-driven, ETL, orchestration de processus) et<b data-path-to-node=\"14\" data-index-in-node=\"217\"> services d&rsquo;IA g\u00e9n\u00e9rative.<\/b><\/p>\n<h3 data-path-to-node=\"7\">Gouvernance et Pilotage du Portfolio<\/h3>\n<p data-path-to-node=\"8\">L&rsquo;architecture n&rsquo;est rien sans une ex\u00e9cution ma\u00eetris\u00e9e. Nous intervenons sur la gestion de votre portefeuille de projets pour aligner la technique sur la strat\u00e9gie m\u00e9tier :<\/p>\n<ul data-path-to-node=\"9\">\n<li>\n<p data-path-to-node=\"9,0,0\"><b data-path-to-node=\"9,0,0\" data-index-in-node=\"0\">Priorisation et Mise en coh\u00e9rence :<\/b> S&rsquo;assurer que chaque investissement sert les objectifs prioritaires.<\/p>\n<\/li>\n<li>\n<p data-path-to-node=\"9,1,0\"><b data-path-to-node=\"9,1,0\" data-index-in-node=\"0\">Gestion de l&rsquo;obsolescence :<\/b> Anticiper le cycle de vie des technologies pour r\u00e9duire la dette technique et les risques op\u00e9rationnels.<\/p>\n<\/li>\n<\/ul>\n\n\n<hr class=\"wp-block-separator has-alpha-channel-opacity\"\/>\n\n\n\n<h3 class=\"wp-block-heading\">R\u00e9f\u00e9rences<\/h3>\n\n\n\n<div class=\"wp-block-group has-global-padding is-layout-constrained wp-block-group-is-layout-constrained\">\n<div class=\"wp-block-columns is-layout-flex wp-container-core-columns-is-layout-28f84493 wp-block-columns-is-layout-flex\">\n<div class=\"wp-block-column is-vertically-aligned-center is-layout-flow wp-block-column-is-layout-flow\">\n<figure class=\"wp-block-image size-full\"><img loading=\"lazy\" decoding=\"async\" width=\"340\" height=\"148\" src=\"https:\/\/www.fusionlabs.fr\/wp-content\/uploads\/2026\/02\/logo-edf-br.png\" alt=\"\" class=\"wp-image-2611\" srcset=\"https:\/\/www.fusionlabs.fr\/wp-content\/uploads\/2026\/02\/logo-edf-br.png 340w, https:\/\/www.fusionlabs.fr\/wp-content\/uploads\/2026\/02\/logo-edf-br-300x131.png 300w, https:\/\/www.fusionlabs.fr\/wp-content\/uploads\/2026\/02\/logo-edf-br-18x8.png 18w\" sizes=\"auto, (max-width: 340px) 100vw, 340px\" \/><\/figure>\n<\/div>\n\n\n\n<div class=\"wp-block-column is-vertically-aligned-center is-layout-flow wp-block-column-is-layout-flow\">\n<figure class=\"wp-block-image size-full\"><img loading=\"lazy\" decoding=\"async\" width=\"500\" height=\"100\" src=\"https:\/\/www.fusionlabs.fr\/wp-content\/uploads\/2026\/02\/Airbus_logo_2017_grey.png\" alt=\"\" class=\"wp-image-2619\" srcset=\"https:\/\/www.fusionlabs.fr\/wp-content\/uploads\/2026\/02\/Airbus_logo_2017_grey.png 500w, https:\/\/www.fusionlabs.fr\/wp-content\/uploads\/2026\/02\/Airbus_logo_2017_grey-300x60.png 300w, https:\/\/www.fusionlabs.fr\/wp-content\/uploads\/2026\/02\/Airbus_logo_2017_grey-18x4.png 18w\" sizes=\"auto, (max-width: 500px) 100vw, 500px\" \/><\/figure>\n<\/div>\n\n\n\n<div class=\"wp-block-column is-vertically-aligned-center is-layout-flow wp-block-column-is-layout-flow\">\n<figure class=\"wp-block-image size-full\"><img loading=\"lazy\" decoding=\"async\" width=\"500\" height=\"375\" src=\"https:\/\/www.fusionlabs.fr\/wp-content\/uploads\/2026\/02\/Logo-Pierre-Fabre.jpg\" alt=\"\" class=\"wp-image-2613\" srcset=\"https:\/\/www.fusionlabs.fr\/wp-content\/uploads\/2026\/02\/Logo-Pierre-Fabre.jpg 500w, https:\/\/www.fusionlabs.fr\/wp-content\/uploads\/2026\/02\/Logo-Pierre-Fabre-300x225.jpg 300w, https:\/\/www.fusionlabs.fr\/wp-content\/uploads\/2026\/02\/Logo-Pierre-Fabre-16x12.jpg 16w\" sizes=\"auto, (max-width: 500px) 100vw, 500px\" \/><\/figure>\n<\/div>\n\n\n\n<div class=\"wp-block-column is-vertically-aligned-center is-layout-flow wp-block-column-is-layout-flow\">\n<figure class=\"wp-block-image size-full\"><img loading=\"lazy\" decoding=\"async\" width=\"371\" height=\"121\" src=\"https:\/\/www.fusionlabs.fr\/wp-content\/uploads\/2026\/02\/Somfy-logo-e1770633076194.png\" alt=\"\" class=\"wp-image-2614\" srcset=\"https:\/\/www.fusionlabs.fr\/wp-content\/uploads\/2026\/02\/Somfy-logo-e1770633076194.png 371w, https:\/\/www.fusionlabs.fr\/wp-content\/uploads\/2026\/02\/Somfy-logo-e1770633076194-300x98.png 300w, https:\/\/www.fusionlabs.fr\/wp-content\/uploads\/2026\/02\/Somfy-logo-e1770633076194-18x6.png 18w\" sizes=\"auto, (max-width: 371px) 100vw, 371px\" \/><\/figure>\n<\/div>\n\n\n\n<div class=\"wp-block-column is-vertically-aligned-center is-layout-flow wp-block-column-is-layout-flow\">\n<figure class=\"wp-block-image size-full\"><img loading=\"lazy\" decoding=\"async\" width=\"280\" height=\"164\" src=\"https:\/\/www.fusionlabs.fr\/wp-content\/uploads\/2026\/02\/Logo_du_Groupe_HBF1.png\" alt=\"\" class=\"wp-image-2622\" srcset=\"https:\/\/www.fusionlabs.fr\/wp-content\/uploads\/2026\/02\/Logo_du_Groupe_HBF1.png 280w, https:\/\/www.fusionlabs.fr\/wp-content\/uploads\/2026\/02\/Logo_du_Groupe_HBF1-18x12.png 18w\" sizes=\"auto, (max-width: 280px) 100vw, 280px\" \/><\/figure>\n<\/div>\n\n\n\n<div class=\"wp-block-column is-vertically-aligned-center is-layout-flow wp-block-column-is-layout-flow\">\n<figure class=\"wp-block-image size-full\"><img loading=\"lazy\" decoding=\"async\" width=\"151\" height=\"78\" src=\"https:\/\/www.fusionlabs.fr\/wp-content\/uploads\/2026\/02\/logo-ans-proxair-bw.png\" alt=\"\" class=\"wp-image-2616\" srcset=\"https:\/\/www.fusionlabs.fr\/wp-content\/uploads\/2026\/02\/logo-ans-proxair-bw.png 151w, https:\/\/www.fusionlabs.fr\/wp-content\/uploads\/2026\/02\/logo-ans-proxair-bw-18x9.png 18w\" sizes=\"auto, (max-width: 151px) 100vw, 151px\" \/><\/figure>\n<\/div>\n<\/div>\n<\/div>\n","protected":false},"excerpt":{"rendered":"<p>Architecture d\u2019Entreprise et solutions : Ma\u00eetrisez la complexit\u00e9 de votre SI Dans un environnement technologique en constante acc\u00e9l\u00e9ration, la clart\u00e9 et la ma\u00eetrise de votre syst\u00e8me d&rsquo;information (SI) sont les cl\u00e9s de votre agilit\u00e9. Nous vous accompagnons dans la structuration et l\u2019\u00e9volution de votre SI d&rsquo;entreprise pour transformer la complexit\u00e9 technique en levier de croissance. [&hellip;]<\/p>\n","protected":false},"author":1,"featured_media":2633,"parent":0,"menu_order":0,"comment_status":"closed","ping_status":"open","template":"","meta":{"footnotes":""},"class_list":["post-105","page","type-page","status-publish","has-post-thumbnail","hentry"],"_links":{"self":[{"href":"https:\/\/www.fusionlabs.fr\/fr_fr\/wp-json\/wp\/v2\/pages\/105","targetHints":{"allow":["GET"]}}],"collection":[{"href":"https:\/\/www.fusionlabs.fr\/fr_fr\/wp-json\/wp\/v2\/pages"}],"about":[{"href":"https:\/\/www.fusionlabs.fr\/fr_fr\/wp-json\/wp\/v2\/types\/page"}],"author":[{"embeddable":true,"href":"https:\/\/www.fusionlabs.fr\/fr_fr\/wp-json\/wp\/v2\/users\/1"}],"replies":[{"embeddable":true,"href":"https:\/\/www.fusionlabs.fr\/fr_fr\/wp-json\/wp\/v2\/comments?post=105"}],"version-history":[{"count":42,"href":"https:\/\/www.fusionlabs.fr\/fr_fr\/wp-json\/wp\/v2\/pages\/105\/revisions"}],"predecessor-version":[{"id":2673,"href":"https:\/\/www.fusionlabs.fr\/fr_fr\/wp-json\/wp\/v2\/pages\/105\/revisions\/2673"}],"wp:featuredmedia":[{"embeddable":true,"href":"https:\/\/www.fusionlabs.fr\/fr_fr\/wp-json\/wp\/v2\/media\/2633"}],"wp:attachment":[{"href":"https:\/\/www.fusionlabs.fr\/fr_fr\/wp-json\/wp\/v2\/media?parent=105"}],"curies":[{"name":"wp","href":"https:\/\/api.w.org\/{rel}","templated":true}]}}