{"id":35,"date":"2015-03-26T22:46:31","date_gmt":"2015-03-26T21:46:31","guid":{"rendered":"http:\/\/www.fusionlabs.fr\/wp\/?page_id=35"},"modified":"2026-02-06T18:33:54","modified_gmt":"2026-02-06T17:33:54","slug":"contact","status":"publish","type":"page","link":"https:\/\/www.fusionlabs.fr\/en\/contact\/","title":{"rendered":"Contact"},"content":{"rendered":"<div class=\"content\">\n<h3>Envoyer nous un message<\/h3>\n<p>Une question sur votre architecture SI ou un projet technique complexe\u00a0 \u00e0 \u00e9tudier ? Contactez Fusion Labs pour un \u00e9change personnalis\u00e9 et une expertise technique.<\/p>\n<\/div>\n\n<div class=\"wpforms-container wpforms-block wpforms-block-d6df6139-451a-45e4-bfc1-11392d9ff5f9\" id=\"wpforms-2589\"><form id=\"wpforms-form-2589\" class=\"wpforms-validate wpforms-form wpforms-ajax-form\" data-formid=\"2589\" method=\"post\" enctype=\"multipart\/form-data\" action=\"\/en\/wp-json\/wp\/v2\/pages\/35\" data-token=\"fa09ae94ca1b860eb3e52d994a05772c\" data-token-time=\"1778071735\"><noscript class=\"wpforms-error-noscript\">Please enable JavaScript in your browser to complete this form.<\/noscript><div class=\"wpforms-field-container\"><div id=\"wpforms-2589-field_7-container\" class=\"wpforms-field wpforms-field-text\" data-field-id=\"7\"><label class=\"wpforms-field-label\" for=\"wpforms-2589-field_7\">Nom <span class=\"wpforms-required-label\">*<\/span><\/label><input type=\"text\" id=\"wpforms-2589-field_7\" class=\"wpforms-field-medium wpforms-field-required\" name=\"wpforms[fields][7]\" required><\/div><div id=\"wpforms-2589-field_8-container\" class=\"wpforms-field wpforms-field-text\" data-field-id=\"8\"><label class=\"wpforms-field-label\" for=\"wpforms-2589-field_8\">Pr\u00e9nom<\/label><input type=\"text\" id=\"wpforms-2589-field_8\" class=\"wpforms-field-medium\" name=\"wpforms[fields][8]\" ><\/div><div id=\"wpforms-2589-field_2-container\" class=\"wpforms-field wpforms-field-email\" data-field-id=\"2\"><label class=\"wpforms-field-label\" for=\"wpforms-2589-field_2\">E-mail <span class=\"wpforms-required-label\">*<\/span><\/label><input type=\"email\" id=\"wpforms-2589-field_2\" class=\"wpforms-field-medium wpforms-field-required\" name=\"wpforms[fields][2]\" spellcheck=\"false\" required><\/div><div id=\"wpforms-2589-field_6-container\" class=\"wpforms-field wpforms-field-text\" data-field-id=\"6\"><label class=\"wpforms-field-label\" for=\"wpforms-2589-field_6\">Entreprise <span class=\"wpforms-required-label\">*<\/span><\/label><input type=\"text\" id=\"wpforms-2589-field_6\" class=\"wpforms-field-medium wpforms-field-required\" name=\"wpforms[fields][6]\" required><\/div>\t\t<div id=\"wpforms-2589-field_1-container\"\n\t\t\tclass=\"wpforms-field wpforms-field-text\"\n\t\t\tdata-field-type=\"text\"\n\t\t\tdata-field-id=\"1\"\n\t\t\t>\n\t\t\t<label class=\"wpforms-field-label\" for=\"wpforms-2589-field_1\" >Nom E-mail Message<\/label>\n\t\t\t<input type=\"text\" id=\"wpforms-2589-field_1\" class=\"wpforms-field-medium\" name=\"wpforms[fields][1]\" >\n\t\t<\/div>\n\t\t<div id=\"wpforms-2589-field_3-container\" class=\"wpforms-field wpforms-field-textarea\" data-field-id=\"3\"><label class=\"wpforms-field-label\" for=\"wpforms-2589-field_3\">Message<\/label><textarea id=\"wpforms-2589-field_3\" class=\"wpforms-field-medium\" name=\"wpforms[fields][3]\" ><\/textarea><\/div><script>\n\t\t\t\t( function() {\n\t\t\t\t\tconst style = document.createElement( 'style' );\n\t\t\t\t\tstyle.appendChild( document.createTextNode( '#wpforms-2589-field_1-container { position: absolute !important; overflow: hidden !important; display: inline !important; height: 1px !important; width: 1px !important; z-index: -1000 !important; padding: 0 !important; } #wpforms-2589-field_1-container input { visibility: hidden; } #wpforms-conversational-form-page #wpforms-2589-field_1-container label { counter-increment: none; }' ) );\n\t\t\t\t\tdocument.head.appendChild( style );\n\t\t\t\t\tdocument.currentScript?.remove();\n\t\t\t\t} )();\n\t\t\t<\/script><\/div><!-- .wpforms-field-container --><div class=\"wpforms-recaptcha-container wpforms-is-recaptcha wpforms-is-recaptcha-type-v3\" ><input type=\"hidden\" name=\"wpforms[recaptcha]\" value=\"\"><\/div><div class=\"wpforms-submit-container\" ><input type=\"hidden\" name=\"wpforms[id]\" value=\"2589\"><input type=\"hidden\" name=\"page_title\" value=\"\"><input type=\"hidden\" name=\"page_url\" value=\"https:\/\/www.fusionlabs.fr\/en\/wp-json\/wp\/v2\/pages\/35\"><input type=\"hidden\" name=\"url_referer\" value=\"\"><button type=\"submit\" name=\"wpforms[submit]\" id=\"wpforms-submit-2589\" class=\"wpforms-submit\" data-alt-text=\"Envoi...\" data-submit-text=\"Envoyer ma demande\" aria-live=\"assertive\" value=\"wpforms-submit\">Envoyer ma demande<\/button><img loading=\"lazy\" decoding=\"async\" src=\"https:\/\/www.fusionlabs.fr\/wp-content\/plugins\/wpforms-lite\/assets\/images\/submit-spin.svg\" class=\"wpforms-submit-spinner\" style=\"display: none;\" width=\"26\" height=\"26\" alt=\"Loading\"><\/div><\/form><\/div>  <!-- .wpforms-container -->\n\n\n<p>Les informations recueillies via ce formulaire sont trait\u00e9es par Fusion Labs pour r\u00e9pondre \u00e0 votre demande. Vous disposez d&rsquo;un droit d&rsquo;acc\u00e8s et de rectification. Pour en savoir plus, consultez notre <a href=\"https:\/\/www.fusionlabs.fr\/politique-de-confidentialite-fusion-labs\/\">Politique de confidentialit\u00e9<\/a>.<\/p>\n","protected":false},"excerpt":{"rendered":"<p>Envoyer nous un message Une question sur votre architecture SI ou un projet technique complexe\u00a0 \u00e0 \u00e9tudier ? Contactez Fusion Labs pour un \u00e9change personnalis\u00e9 et une expertise technique. Les informations recueillies via ce formulaire sont trait\u00e9es par Fusion Labs pour r\u00e9pondre \u00e0 votre demande. Vous disposez d&rsquo;un droit d&rsquo;acc\u00e8s et de rectification. Pour en [&hellip;]<\/p>\n","protected":false},"author":1,"featured_media":2581,"parent":0,"menu_order":0,"comment_status":"closed","ping_status":"open","template":"","meta":{"footnotes":""},"class_list":["post-35","page","type-page","status-publish","has-post-thumbnail","hentry"],"_links":{"self":[{"href":"https:\/\/www.fusionlabs.fr\/en\/wp-json\/wp\/v2\/pages\/35","targetHints":{"allow":["GET"]}}],"collection":[{"href":"https:\/\/www.fusionlabs.fr\/en\/wp-json\/wp\/v2\/pages"}],"about":[{"href":"https:\/\/www.fusionlabs.fr\/en\/wp-json\/wp\/v2\/types\/page"}],"author":[{"embeddable":true,"href":"https:\/\/www.fusionlabs.fr\/en\/wp-json\/wp\/v2\/users\/1"}],"replies":[{"embeddable":true,"href":"https:\/\/www.fusionlabs.fr\/en\/wp-json\/wp\/v2\/comments?post=35"}],"version-history":[{"count":51,"href":"https:\/\/www.fusionlabs.fr\/en\/wp-json\/wp\/v2\/pages\/35\/revisions"}],"predecessor-version":[{"id":2595,"href":"https:\/\/www.fusionlabs.fr\/en\/wp-json\/wp\/v2\/pages\/35\/revisions\/2595"}],"wp:featuredmedia":[{"embeddable":true,"href":"https:\/\/www.fusionlabs.fr\/en\/wp-json\/wp\/v2\/media\/2581"}],"wp:attachment":[{"href":"https:\/\/www.fusionlabs.fr\/en\/wp-json\/wp\/v2\/media?parent=35"}],"curies":[{"name":"wp","href":"https:\/\/api.w.org\/{rel}","templated":true}]}}