{"id":2,"date":"2015-03-11T16:24:17","date_gmt":"2015-03-11T16:24:17","guid":{"rendered":"http:\/\/www.fusionlabs.fr\/wp\/?page_id=2"},"modified":"2026-01-28T15:28:51","modified_gmt":"2026-01-28T14:28:51","slug":"a-propos","status":"publish","type":"page","link":"https:\/\/www.fusionlabs.fr\/en\/a-propos\/","title":{"rendered":"About us"},"content":{"rendered":"<p>Fusion Labs is a technology company specializing in IS\/IT architecture, cloud platforms, and innovative projects, including generative AI, data science, and IoT solutions. We conduct architectural studies, design software, and develop custom solutions. Our mission is to guide you through your strategic digital decisions and secure your long-term investments.<\/p>\n<p>As passionate engineers, we are driven by a commitment to excellence and a rigorous, professional, and open-minded approach, all while valuing simplicity. We are dedicated to finding the most suitable solutions for every context by sharing and passing on our experience, analysis, and expertise.<br \/>While technologies and innovations emerge at an ever-accelerating pace, our core principles remain constant: independence, modularity, standardized exchanges, open and portable systems, robustness, security, and the long-term sustainability and reversibility of solutions. We strive to help businesses identify true innovations\u2014those that drive real value and growth\u2014by distinguishing them from technological marketing and the surrounding buzz<\/p>\n<p>Our identity and mindset are built on the following commitments :<\/p>\n<ul>\n<li><strong>Professionalism<\/strong> : A passion for engineering, a deep technical culture, and broad hands-on experience allow us to distinguish the essential from the secondary. This expertise accelerates the development of strategies rooted in simplicity and efficiency.<\/li>\n<li><strong>Communication &amp; Formalization<\/strong> As a cornerstone of our work, we take particular care in our interactions\u2014both to understand your specific context and needs, and to present clear options and solutions. We pay meticulous attention to the documents we produce, as well as to our visual representations and illustrations.<\/li>\n<li><strong>Continuity<\/strong> : We are architects, but also project managers and developers who constantly practice and test new solutions. we support you through technical implementation, working at the very heart of the teams involved.<\/li>\n<li><strong>Commitment &amp; Reliability<\/strong> : Your success is our primary goal. We mobilize all necessary skills, energy, expertise, and technical resources to ensure your project\u2019s achievement.<\/li>\n<li><strong>Independence &amp; Openness<\/strong> : We remain strictly independent of software vendors, platforms, and large service corporations. This allows us to \"step into your shoes\" and design the most optimal solutions for your specific business.<\/li>\n<li><strong>Trust<\/strong> : Our methods are transparent, open, and reassuring. We work closely with you to define the contractual format, commitments, and terms that best fit your unique environment.<\/li>\n<\/ul>\n<p>Founded in 2015 by <b data-path-to-node=\"18,0\" data-index-in-node=\"46\">St\u00e9phane Monteil<\/b>, a graduate engineer from the University of Technology of Compi\u00e8gne (UTC) in France and the University of Waterloo in Canada, Fusion Labs embodies a dual culture of academic rigor and North American agility.<\/p>\n\n\n<p><\/p>","protected":false},"excerpt":{"rendered":"<p>Fusion Labs est une entreprise technologique sp\u00e9cialis\u00e9e dans les architectures SI, les plateformes cloud et les projets innovants : IA g\u00e9n\u00e9ratives, data sciences et solutions IoT. Nous r\u00e9alisons des \u00e9tudes d&rsquo;architecture, nous concevons des logiciels et nous d\u00e9veloppons des solutions. Notre m\u00e9tier consiste \u00e0 vous accompagner dans vos choix structurants en mati\u00e8re num\u00e9rique et de [&hellip;]<\/p>\n","protected":false},"author":1,"featured_media":2556,"parent":0,"menu_order":0,"comment_status":"closed","ping_status":"open","template":"","meta":{"footnotes":""},"class_list":["post-2","page","type-page","status-publish","has-post-thumbnail","hentry"],"_links":{"self":[{"href":"https:\/\/www.fusionlabs.fr\/en\/wp-json\/wp\/v2\/pages\/2","targetHints":{"allow":["GET"]}}],"collection":[{"href":"https:\/\/www.fusionlabs.fr\/en\/wp-json\/wp\/v2\/pages"}],"about":[{"href":"https:\/\/www.fusionlabs.fr\/en\/wp-json\/wp\/v2\/types\/page"}],"author":[{"embeddable":true,"href":"https:\/\/www.fusionlabs.fr\/en\/wp-json\/wp\/v2\/users\/1"}],"replies":[{"embeddable":true,"href":"https:\/\/www.fusionlabs.fr\/en\/wp-json\/wp\/v2\/comments?post=2"}],"version-history":[{"count":29,"href":"https:\/\/www.fusionlabs.fr\/en\/wp-json\/wp\/v2\/pages\/2\/revisions"}],"predecessor-version":[{"id":2543,"href":"https:\/\/www.fusionlabs.fr\/en\/wp-json\/wp\/v2\/pages\/2\/revisions\/2543"}],"wp:featuredmedia":[{"embeddable":true,"href":"https:\/\/www.fusionlabs.fr\/en\/wp-json\/wp\/v2\/media\/2556"}],"wp:attachment":[{"href":"https:\/\/www.fusionlabs.fr\/en\/wp-json\/wp\/v2\/media?parent=2"}],"curies":[{"name":"wp","href":"https:\/\/api.w.org\/{rel}","templated":true}]}}