{"id":146,"date":"2016-02-27T15:31:34","date_gmt":"2016-02-27T14:31:34","guid":{"rendered":"http:\/\/www.fusionlabs.fr\/?page_id=146"},"modified":"2026-02-26T13:28:56","modified_gmt":"2026-02-26T12:28:56","slug":"expertises","status":"publish","type":"page","link":"https:\/\/www.fusionlabs.fr\/en\/expertises\/","title":{"rendered":"Services"},"content":{"rendered":"<p data-path-to-node=\"3\"><b data-path-to-node=\"3\" data-index-in-node=\"0\">As Enterprise and Solutions Architects<\/b>, we support you with an <b data-path-to-node=\"3\" data-index-in-node=\"69\">end-to-end approach<\/b> : requirements analysis, application design, system integration, and operations. Our mission is to transform your strategic challenges into high-performance technological infrastructures.<\/p>\n<h3 data-path-to-node=\"4\">Our Areas of Expertise<\/h3>\n<ul data-path-to-node=\"5\">\n<li>\n<p data-path-to-node=\"5,0,0\"><b data-path-to-node=\"5,0,0\" data-index-in-node=\"0\">Consulting &amp; Requirements Engineering:<\/b> In-depth analysis of your business objectives, drafting of functional specifications, and detailed statements of work (SOW).<\/p>\n<\/li>\n<li>\n<p data-path-to-node=\"5,1,0\"><b data-path-to-node=\"5,1,0\" data-index-in-node=\"0\">Enterprise Architecture:<\/b> Analysis, mapping, and alignment of the Information System. Integration studies, Middlewares, API Management, Master Data Management (MDM), and secure internal\/external exchange protocols.<\/p>\n<\/li>\n<li>\n<p data-path-to-node=\"5,2,0\"><b data-path-to-node=\"5,2,0\" data-index-in-node=\"0\">Solution Architecture:<\/b> Comparative study of technical scenarios, feasibility assessments, and guidance on selecting the most relevant technologies.<\/p>\n<\/li>\n<li>\n<p data-path-to-node=\"5,3,0\"><b data-path-to-node=\"5,3,0\" data-index-in-node=\"0\">Full Lifecycle Management:<\/b> From agile development (from POC to final product) to ongoing maintenance, operations, and managed services.<\/p>\n<\/li>\n<\/ul>\n<h3 data-path-to-node=\"3\">Architecture Mapping &amp; Repository<\/h3>\n<p data-path-to-node=\"4\">Our mapping approach goes beyond a simple inventory; it aims to build a <b data-path-to-node=\"4\" data-index-in-node=\"99\">strategic asset<\/b> for your enterprise governance. By aligning <b data-path-to-node=\"4\" data-index-in-node=\"181\">TOGAF <\/b>and\u00a0<strong>Lean EA <\/strong>with modeling languages such as\u00a0<b data-path-to-node=\"4\" data-index-in-node=\"188\">ArchiMate, UML<\/b> and <b data-path-to-node=\"4\" data-index-in-node=\"201\">BPMN<\/b>, we structure your repository across multiple analysis layers, including:<\/p>\n<ul data-path-to-node=\"5\">\n<li>\n<p data-path-to-node=\"5,0,0\"><b data-path-to-node=\"5,0,0\" data-index-in-node=\"0\">Business Architecture:<\/b> Modeling processes using the <b data-path-to-node=\"5,0,0\" data-index-in-node=\"76\">BPMN<\/b> to align operations with strategy and identify key business functions.<\/p>\n<\/li>\n<li>\n<p data-path-to-node=\"5,1,0\"><b data-path-to-node=\"5,1,0\" data-index-in-node=\"0\">Data Architecture:<\/b> Structuring information assets to ensure consistency, security, and availability throughout the organization.<\/p>\n<\/li>\n<li>\n<p data-path-to-node=\"5,2,0\"><b data-path-to-node=\"5,2,0\" data-index-in-node=\"0\">Application Architecture:<\/b> Mapping the software landscape and data flows to identify redundancies and rationalize the application portfolio.<\/p>\n<\/li>\n<li>\n<p data-path-to-node=\"5,3,0\"><b data-path-to-node=\"5,3,0\" data-index-in-node=\"0\">Technology Architecture:<\/b> Cataloging infrastructures (Cloud, On-premise, networks) that support the upper layers, ensuring system resilience and scalability.<\/p>\n<\/li>\n<\/ul>\n<h3 data-path-to-node=\"6\">Modeling for Informed Decision-Making<\/h3>\n<p data-path-to-node=\"7\">Using the <b data-path-to-node=\"7\" data-index-in-node=\"33\">ArchiMate<\/b>&nbsp;\u00a0modeling language, we create cross-layer views that allow for an instant understanding of how a technical change impacts a business process. This repository becomes the essential foundation for impact analysis, technical debt management, and the success of your digital transformation roadmaps.<\/p>\n<h3 data-path-to-node=\"6\">Multi-Vendor Cloud Expertise<\/h3>\n<p data-path-to-node=\"7\">We have developed partnerships and deep expertise with market-leading platforms to ensure the resilience and scalability of your projects: <b data-path-to-node=\"7\" data-index-in-node=\"159\">Microsoft Azure | AWS (Amazon Web Services) | GCP (Google Cloud Platform)<\/b><\/p>","protected":false},"excerpt":{"rendered":"<p>Architectes SI et solutions, nous vous accompagnons avec une approche de \u00ab\u00a0bout-en-bout\u00a0\u00bb : Analyse des besoins, conception, int\u00e9gration et exploitation de vos syst\u00e8mes . Notre mission est de transformer vos enjeux strat\u00e9giques en infrastructures technologiques performantes. Nos domaines d&rsquo;intervention Conseil &amp; Ing\u00e9nierie des besoins : Analyse approfondie de vos enjeux m\u00e9tier, r\u00e9daction de cahiers des [&hellip;]<\/p>\n","protected":false},"author":1,"featured_media":2546,"parent":0,"menu_order":0,"comment_status":"closed","ping_status":"closed","template":"","meta":{"footnotes":""},"class_list":["post-146","page","type-page","status-publish","has-post-thumbnail","hentry"],"_links":{"self":[{"href":"https:\/\/www.fusionlabs.fr\/en\/wp-json\/wp\/v2\/pages\/146","targetHints":{"allow":["GET"]}}],"collection":[{"href":"https:\/\/www.fusionlabs.fr\/en\/wp-json\/wp\/v2\/pages"}],"about":[{"href":"https:\/\/www.fusionlabs.fr\/en\/wp-json\/wp\/v2\/types\/page"}],"author":[{"embeddable":true,"href":"https:\/\/www.fusionlabs.fr\/en\/wp-json\/wp\/v2\/users\/1"}],"replies":[{"embeddable":true,"href":"https:\/\/www.fusionlabs.fr\/en\/wp-json\/wp\/v2\/comments?post=146"}],"version-history":[{"count":12,"href":"https:\/\/www.fusionlabs.fr\/en\/wp-json\/wp\/v2\/pages\/146\/revisions"}],"predecessor-version":[{"id":2676,"href":"https:\/\/www.fusionlabs.fr\/en\/wp-json\/wp\/v2\/pages\/146\/revisions\/2676"}],"wp:featuredmedia":[{"embeddable":true,"href":"https:\/\/www.fusionlabs.fr\/en\/wp-json\/wp\/v2\/media\/2546"}],"wp:attachment":[{"href":"https:\/\/www.fusionlabs.fr\/en\/wp-json\/wp\/v2\/media?parent=146"}],"curies":[{"name":"wp","href":"https:\/\/api.w.org\/{rel}","templated":true}]}}