{"id":144,"date":"2016-02-27T15:19:43","date_gmt":"2016-02-27T14:19:43","guid":{"rendered":"http:\/\/www.fusionlabs.fr\/?page_id=144"},"modified":"2026-02-06T16:11:27","modified_gmt":"2026-02-06T15:11:27","slug":"industrie-connectee","status":"publish","type":"page","link":"https:\/\/www.fusionlabs.fr\/en\/industrie-connectee\/","title":{"rendered":"Engineering &amp; Solutions for Industry 4.0 (IIoT)"},"content":{"rendered":"<h2 class=\"wp-block-post-title\">Engineering &amp; Solutions for Industry 4.0 (IIoT)<\/h2>\n\n\n<section>\n<p data-path-to-node=\"8,2\">Because industrial operations demand uncompromising reliability, we focus on simple and robust products. Our modular approach enables you to deploy an effective solution today, while maintaining the flexibility to add new sensors or business interfaces tomorrow. As solution and IT architects, we also provide the expertise needed to securely integrate your IoT services into your existing enterprise information system.<\/p>\n<\/section>\n\n\n\n<h2 class=\"wp-block-heading entry-content\">Cloud Platform for IoT<\/h2>\n\n\n\n<section>\n<p data-path-to-node=\"3\"><b data-path-to-node=\"3\" data-index-in-node=\"0\">Fusion Labs<\/b> has developed a state of the art cloud services platform providing agility, high-performance, reliability and scalability at the best price.<\/p>\n<p data-path-to-node=\"4\">Depending on your business objectives, we are able to provide a complete and integrated set of services for developing and deploying your <b data-path-to-node=\"4\" data-index-in-node=\"158\">projet IoT<\/b>in the cloud and on the field. To optimize<b data-path-to-node=\"4\" data-index-in-node=\"266\">time-to-market<\/b>) and lower initial investments, we propose a ready to use service platform based <b data-path-to-node=\"4\" data-index-in-node=\"396\">Microsoft Azure<\/b> and its standardized IoT services.<\/p>\n<p data-path-to-node=\"5\">We can also support the deployment, hosting and outsourcing of more specific IoT solutions such as custom development based on <b data-path-to-node=\"5\" data-index-in-node=\"168\">PTC\/ThingWorx<\/b> or open source IoT platforms. Our hosting infrastructure is based on public cloud market leader in France and in Europe. Our aim and culture is to understand your business requirements and constraints and tailor the best technical and service offering to meet your needs.<\/p>\n<\/section>\n\n\n\n<section><\/section>\n\n\n\n<section>\n<h2>Projects<\/h2>\n<h3>Connectivity &amp; Industrial Assets Monitoring<\/h3>\n<ul>\n<li>Sector: Aerospace and Automotive industries<\/li>\n<li>Use Cases: Remote maintenance, alerts, hour meters, pay-per-use billing<\/li>\n<li>Technologies: Microsoft Azure cloud platform, Ercogener modem, 4G\/LTE connectivity<\/li>\n<li>Key Benefits: Rapid implementation, technical reliability, high Return on Investment (ROI)<\/li>\n<\/ul>\n<figure><a href=\"http:\/\/www.fusionlabs.fr\/wp-content\/uploads\/2015\/05\/paintmachine.jpg\" rel=\"attachment wp-att-178\"><img loading=\"lazy\" decoding=\"async\" class=\"alignnone size-full wp-image-178\" src=\"http:\/\/www.fusionlabs.fr\/wp-content\/uploads\/2015\/05\/paintmachine.jpg\" alt=\"paintmachine\" width=\"190\" height=\"126\"><\/a><\/figure><p><\/p>\n<h3>Connected Logistics<\/h3>\n<ul>\n<li>Sector: Manufacturing &amp; Distribution<\/li>\n<li>Use Cases: Asset tracking, automation, and optimization of logistical processes<\/li>\n<li>Technologies : PTC\/ThingWorx platform, Sigfox &amp; LoRA connectivity, custom tracking device<\/li>\n<li>Key Benefits: Flexible and scalable solution, reduced communication costs<\/li>\n<\/ul>\n<h3><figure><a href=\"http:\/\/www.fusionlabs.fr\/wp-content\/uploads\/2015\/05\/logistics.jpg\" rel=\"attachment wp-att-179\"><img loading=\"lazy\" decoding=\"async\" class=\"alignnone size-full wp-image-179\" src=\"http:\/\/www.fusionlabs.fr\/wp-content\/uploads\/2015\/05\/logistics.jpg\" alt=\"logistics\" width=\"235\" height=\"176\"><\/a><\/figure><\/h3>\n<h3>&nbsp;<\/h3>\n<h3>Connected Security &amp; Surveillance Solution<\/h3>\n<ul>\n<li>Sector: Consumer Electronics (B2C)<\/li>\n<li>Use Cases: Home security and comfort, smart alarms, video surveillance, mobile applications<\/li>\n<li>Technologies: Proprietary platform, wireless sensors, AWS cloud infrastructure<\/li>\n<li>Key Benefits: Range of innovative solutions with high market recognition<\/li>\n<\/ul>\n<figure><a href=\"http:\/\/www.fusionlabs.fr\/wp-content\/uploads\/2015\/05\/smarthome.jpg\" rel=\"attachment wp-att-189\"><img loading=\"lazy\" decoding=\"async\" class=\"alignnone size-full wp-image-189\" src=\"http:\/\/www.fusionlabs.fr\/wp-content\/uploads\/2015\/05\/smarthome.jpg\" alt=\"smarthome\" width=\"276\" height=\"183\"><\/a><\/figure><p><\/p>\n<h3>&nbsp;<\/h3>\n<\/section>\n\n\n\n<section><\/section>\n\n\n\n<section><\/section>","protected":false},"excerpt":{"rendered":"<p>Parce que l\u2019industrie exige de la fiabilit\u00e9, nous privil\u00e9gions des produits simples et robustes. Notre approche modulaire vous permet de d\u00e9ployer une solution efficace aujourd&rsquo;hui, tout en conservant la libert\u00e9 d&rsquo;ajouter de nouveaux capteurs ou interfaces m\u00e9tier demain. En tant qu&rsquo;architectes solution et SI, nous apportons en outre notre savoir-faire pour int\u00e9grer vos services IoT [&hellip;]<\/p>\n","protected":false},"author":1,"featured_media":2550,"parent":0,"menu_order":0,"comment_status":"closed","ping_status":"closed","template":"","meta":{"footnotes":""},"class_list":["post-144","page","type-page","status-publish","has-post-thumbnail","hentry"],"_links":{"self":[{"href":"https:\/\/www.fusionlabs.fr\/en\/wp-json\/wp\/v2\/pages\/144","targetHints":{"allow":["GET"]}}],"collection":[{"href":"https:\/\/www.fusionlabs.fr\/en\/wp-json\/wp\/v2\/pages"}],"about":[{"href":"https:\/\/www.fusionlabs.fr\/en\/wp-json\/wp\/v2\/types\/page"}],"author":[{"embeddable":true,"href":"https:\/\/www.fusionlabs.fr\/en\/wp-json\/wp\/v2\/users\/1"}],"replies":[{"embeddable":true,"href":"https:\/\/www.fusionlabs.fr\/en\/wp-json\/wp\/v2\/comments?post=144"}],"version-history":[{"count":23,"href":"https:\/\/www.fusionlabs.fr\/en\/wp-json\/wp\/v2\/pages\/144\/revisions"}],"predecessor-version":[{"id":2588,"href":"https:\/\/www.fusionlabs.fr\/en\/wp-json\/wp\/v2\/pages\/144\/revisions\/2588"}],"wp:featuredmedia":[{"embeddable":true,"href":"https:\/\/www.fusionlabs.fr\/en\/wp-json\/wp\/v2\/media\/2550"}],"wp:attachment":[{"href":"https:\/\/www.fusionlabs.fr\/en\/wp-json\/wp\/v2\/media?parent=144"}],"curies":[{"name":"wp","href":"https:\/\/api.w.org\/{rel}","templated":true}]}}