{"id":105,"date":"2015-05-25T10:26:21","date_gmt":"2015-05-25T09:26:21","guid":{"rendered":"http:\/\/www.fusionlabs.fr\/?page_id=105"},"modified":"2026-02-26T13:18:10","modified_gmt":"2026-02-26T12:18:10","slug":"home","status":"publish","type":"page","link":"https:\/\/www.fusionlabs.fr\/en\/","title":{"rendered":"Home"},"content":{"rendered":"<h2 data-path-to-node=\"2\">Enterprise &amp; Solution Architecture: Master Your IT Complexity<\/h2>\n<p data-path-to-node=\"3\">In a constantly accelerating technological landscape, the clarity and mastery of your Information System (IS) are the keys to your agility. We support you in structuring and evolving your enterprise IS, transforming technical complexity into a lever for growth.\"<\/p>\n<h3 data-path-to-node=\"4\">Strategic Vision &amp; Cloud Trajectories<\/h3>\n<p data-path-to-node=\"5\">We help you define your solutions and services, as well as the most relevant deployment infrastructure for your business, while taking into account business objectives, costs, legacy systems, and security. Our expertise covers the entire spectrum:<\/p>\n<ul data-path-to-node=\"6\">\n<li>\n<p data-path-to-node=\"6,0,0\"><b data-path-to-node=\"6,0,0\" data-index-in-node=\"0\">Public Cloud<\/b> For scalability and rapid innovation.<\/p>\n<\/li>\n<li>\n<p data-path-to-node=\"6,1,0\" class=\"translation-block\"><b data-path-to-node=\"6,1,0\" data-index-in-node=\"0\">Sovereign Cloud:<\/b> To ensure the protection of sensitive data and regulatory compliance.<\/p>\n<\/li>\n<li>\n<p data-path-to-node=\"6,2,0\"><b data-path-to-node=\"6,2,0\" data-index-in-node=\"0\">On-Premise:<\/b> For total control over critical infrastructure.<\/p>\n<\/li>\n<\/ul>\n<h3 data-path-to-node=\"10\">Mapping for Smarter Governance<\/h3>\n<p data-path-to-node=\"11\">We restore clarity to your IS by leveraging the <b data-path-to-node=\"4,0\" data-index-in-node=\"121\">TOGAF <\/b>and<b data-path-to-node=\"4,0\" data-index-in-node=\"121\"> Lean EA<\/b>\u00a0frameworks. Using <b data-path-to-node=\"11\" data-index-in-node=\"119\">ArchiMate<\/b>,<b data-path-to-node=\"11\" data-index-in-node=\"119\"> UML<\/b> and <b data-path-to-node=\"11\" data-index-in-node=\"132\">BPMN<\/b>, we create a precise blueprint of your architecture and business processes. This method allows you to :<\/p>\n<ul data-path-to-node=\"12\">\n<li>\n<p data-path-to-node=\"12,0,0\">Identify redundancies and optimization opportunities.<\/p>\n<\/li>\n<li>\n<p data-path-to-node=\"12,1,0\">Secure transformation roadmaps while ensuring system reversibility.<\/p>\n<\/li>\n<\/ul>\n<h3 data-path-to-node=\"13\">Solution Selection &amp; Integration<\/h3>\n<p data-path-to-node=\"14\">We support you in the selection process (studies, RFI\/RFP) and the integration of solutions, ensuring their <b data-path-to-node=\"14\" data-index-in-node=\"103\">robustness<\/b> and <b data-path-to-node=\"14\" data-index-in-node=\"122\">interoperability<\/b>. Our consulting is backed by hands-on experience in the pillars of modern IS: <b data-path-to-node=\"14\" data-index-in-node=\"217\">Cloud, Data <\/b>(SQL\/NoSQL, Master Data Repository, BI)<b data-path-to-node=\"14\" data-index-in-node=\"217\">, Middleware <\/b>(APIs, Event-driven, ETL, orchestration de processus) et<b data-path-to-node=\"14\" data-index-in-node=\"217\"> generative AI services<\/b><\/p>\n<h3 data-path-to-node=\"7\">Portfolio Management &amp; Governance<\/h3>\n<p data-path-to-node=\"8\">Architecture is only as effective as its execution. We assist in managing your project portfolio to align technical delivery with business strategy:<\/p>\n<ul data-path-to-node=\"9\">\n<li>\n<p data-path-to-node=\"9,0,0\"><b data-path-to-node=\"9,0,0\" data-index-in-node=\"0\">Prioritization &amp; Alignment:<\/b> Ensuring every investment serves your core strategic objectives.<\/p>\n<\/li>\n<li>\n<p data-path-to-node=\"9,1,0\"><b data-path-to-node=\"9,1,0\" data-index-in-node=\"0\">Obsolescence Management:<\/b> Anticipating technology lifecycles to reduce technical debt and mitigate operational risks.<\/p>\n<\/li>\n<\/ul>\n\n\n<hr class=\"wp-block-separator has-alpha-channel-opacity\"\/>\n\n\n\n<h3 class=\"wp-block-heading\">Our Clients<\/h3>\n\n\n\n<div class=\"wp-block-group has-global-padding is-layout-constrained wp-block-group-is-layout-constrained\">\n<div class=\"wp-block-columns is-layout-flex wp-container-core-columns-is-layout-28f84493 wp-block-columns-is-layout-flex\">\n<div class=\"wp-block-column is-vertically-aligned-center is-layout-flow wp-block-column-is-layout-flow\">\n<figure class=\"wp-block-image size-full\"><img loading=\"lazy\" decoding=\"async\" width=\"340\" height=\"148\" src=\"https:\/\/www.fusionlabs.fr\/wp-content\/uploads\/2026\/02\/logo-edf-br.png\" alt=\"\" class=\"wp-image-2611\" srcset=\"https:\/\/www.fusionlabs.fr\/wp-content\/uploads\/2026\/02\/logo-edf-br.png 340w, https:\/\/www.fusionlabs.fr\/wp-content\/uploads\/2026\/02\/logo-edf-br-300x131.png 300w, https:\/\/www.fusionlabs.fr\/wp-content\/uploads\/2026\/02\/logo-edf-br-18x8.png 18w\" sizes=\"auto, (max-width: 340px) 100vw, 340px\" \/><\/figure>\n<\/div>\n\n\n\n<div class=\"wp-block-column is-vertically-aligned-center is-layout-flow wp-block-column-is-layout-flow\">\n<figure class=\"wp-block-image size-full\"><img loading=\"lazy\" decoding=\"async\" width=\"500\" height=\"100\" src=\"https:\/\/www.fusionlabs.fr\/wp-content\/uploads\/2026\/02\/Airbus_logo_2017_grey.png\" alt=\"\" class=\"wp-image-2619\" srcset=\"https:\/\/www.fusionlabs.fr\/wp-content\/uploads\/2026\/02\/Airbus_logo_2017_grey.png 500w, https:\/\/www.fusionlabs.fr\/wp-content\/uploads\/2026\/02\/Airbus_logo_2017_grey-300x60.png 300w, https:\/\/www.fusionlabs.fr\/wp-content\/uploads\/2026\/02\/Airbus_logo_2017_grey-18x4.png 18w\" sizes=\"auto, (max-width: 500px) 100vw, 500px\" \/><\/figure>\n<\/div>\n\n\n\n<div class=\"wp-block-column is-vertically-aligned-center is-layout-flow wp-block-column-is-layout-flow\">\n<figure class=\"wp-block-image size-full\"><img loading=\"lazy\" decoding=\"async\" width=\"500\" height=\"375\" src=\"https:\/\/www.fusionlabs.fr\/wp-content\/uploads\/2026\/02\/Logo-Pierre-Fabre.jpg\" alt=\"\" class=\"wp-image-2613\" srcset=\"https:\/\/www.fusionlabs.fr\/wp-content\/uploads\/2026\/02\/Logo-Pierre-Fabre.jpg 500w, https:\/\/www.fusionlabs.fr\/wp-content\/uploads\/2026\/02\/Logo-Pierre-Fabre-300x225.jpg 300w, https:\/\/www.fusionlabs.fr\/wp-content\/uploads\/2026\/02\/Logo-Pierre-Fabre-16x12.jpg 16w\" sizes=\"auto, (max-width: 500px) 100vw, 500px\" \/><\/figure>\n<\/div>\n\n\n\n<div class=\"wp-block-column is-vertically-aligned-center is-layout-flow wp-block-column-is-layout-flow\">\n<figure class=\"wp-block-image size-full\"><img loading=\"lazy\" decoding=\"async\" width=\"371\" height=\"121\" src=\"https:\/\/www.fusionlabs.fr\/wp-content\/uploads\/2026\/02\/Somfy-logo-e1770633076194.png\" alt=\"\" class=\"wp-image-2614\" srcset=\"https:\/\/www.fusionlabs.fr\/wp-content\/uploads\/2026\/02\/Somfy-logo-e1770633076194.png 371w, https:\/\/www.fusionlabs.fr\/wp-content\/uploads\/2026\/02\/Somfy-logo-e1770633076194-300x98.png 300w, https:\/\/www.fusionlabs.fr\/wp-content\/uploads\/2026\/02\/Somfy-logo-e1770633076194-18x6.png 18w\" sizes=\"auto, (max-width: 371px) 100vw, 371px\" \/><\/figure>\n<\/div>\n\n\n\n<div class=\"wp-block-column is-vertically-aligned-center is-layout-flow wp-block-column-is-layout-flow\">\n<figure class=\"wp-block-image size-full\"><img loading=\"lazy\" decoding=\"async\" width=\"280\" height=\"164\" src=\"https:\/\/www.fusionlabs.fr\/wp-content\/uploads\/2026\/02\/Logo_du_Groupe_HBF1.png\" alt=\"\" class=\"wp-image-2622\" srcset=\"https:\/\/www.fusionlabs.fr\/wp-content\/uploads\/2026\/02\/Logo_du_Groupe_HBF1.png 280w, https:\/\/www.fusionlabs.fr\/wp-content\/uploads\/2026\/02\/Logo_du_Groupe_HBF1-18x12.png 18w\" sizes=\"auto, (max-width: 280px) 100vw, 280px\" \/><\/figure>\n<\/div>\n\n\n\n<div class=\"wp-block-column is-vertically-aligned-center is-layout-flow wp-block-column-is-layout-flow\">\n<figure class=\"wp-block-image size-full\"><img loading=\"lazy\" decoding=\"async\" width=\"151\" height=\"78\" src=\"https:\/\/www.fusionlabs.fr\/wp-content\/uploads\/2026\/02\/logo-ans-proxair-bw.png\" alt=\"\" class=\"wp-image-2616\" srcset=\"https:\/\/www.fusionlabs.fr\/wp-content\/uploads\/2026\/02\/logo-ans-proxair-bw.png 151w, https:\/\/www.fusionlabs.fr\/wp-content\/uploads\/2026\/02\/logo-ans-proxair-bw-18x9.png 18w\" sizes=\"auto, (max-width: 151px) 100vw, 151px\" \/><\/figure>\n<\/div>\n<\/div>\n<\/div>","protected":false},"excerpt":{"rendered":"<p>Architecture d\u2019Entreprise et solutions : Ma\u00eetrisez la complexit\u00e9 de votre SI Dans un environnement technologique en constante acc\u00e9l\u00e9ration, la clart\u00e9 et la ma\u00eetrise de votre syst\u00e8me d&rsquo;information (SI) sont les cl\u00e9s de votre agilit\u00e9. Nous vous accompagnons dans la structuration et l\u2019\u00e9volution de votre SI d&rsquo;entreprise pour transformer la complexit\u00e9 technique en levier de croissance. [&hellip;]<\/p>\n","protected":false},"author":1,"featured_media":2633,"parent":0,"menu_order":0,"comment_status":"closed","ping_status":"open","template":"","meta":{"footnotes":""},"class_list":["post-105","page","type-page","status-publish","has-post-thumbnail","hentry"],"_links":{"self":[{"href":"https:\/\/www.fusionlabs.fr\/en\/wp-json\/wp\/v2\/pages\/105","targetHints":{"allow":["GET"]}}],"collection":[{"href":"https:\/\/www.fusionlabs.fr\/en\/wp-json\/wp\/v2\/pages"}],"about":[{"href":"https:\/\/www.fusionlabs.fr\/en\/wp-json\/wp\/v2\/types\/page"}],"author":[{"embeddable":true,"href":"https:\/\/www.fusionlabs.fr\/en\/wp-json\/wp\/v2\/users\/1"}],"replies":[{"embeddable":true,"href":"https:\/\/www.fusionlabs.fr\/en\/wp-json\/wp\/v2\/comments?post=105"}],"version-history":[{"count":42,"href":"https:\/\/www.fusionlabs.fr\/en\/wp-json\/wp\/v2\/pages\/105\/revisions"}],"predecessor-version":[{"id":2673,"href":"https:\/\/www.fusionlabs.fr\/en\/wp-json\/wp\/v2\/pages\/105\/revisions\/2673"}],"wp:featuredmedia":[{"embeddable":true,"href":"https:\/\/www.fusionlabs.fr\/en\/wp-json\/wp\/v2\/media\/2633"}],"wp:attachment":[{"href":"https:\/\/www.fusionlabs.fr\/en\/wp-json\/wp\/v2\/media?parent=105"}],"curies":[{"name":"wp","href":"https:\/\/api.w.org\/{rel}","templated":true}]}}